{"id":1969,"date":"2022-10-04T21:09:51","date_gmt":"2022-10-04T20:09:51","guid":{"rendered":"https:\/\/sarajevogreendesign.com\/sgd2022\/?page_id=1969"},"modified":"2022-10-04T22:17:51","modified_gmt":"2022-10-04T21:17:51","slug":"mario-kordic","status":"publish","type":"page","link":"https:\/\/sarajevogreendesign.com\/sgd2022\/speakers\/biographies\/mario-kordic\/","title":{"rendered":"Mario Kordi\u0107"},"content":{"rendered":"\n<div class=\"wp-container-4 wp-block-columns\">\n<div class=\"wp-container-1 wp-block-column homeback\" style=\"flex-basis:33.33%\">\n<p class=\"has-small-font-size\"><a href=\"https:\/\/sarajevogreendesign.com\/sgd2022\/speakers\/biographies\/elma-durmisevic\/\" data-type=\"page\" data-id=\"223\"><\/a><a href=\"https:\/\/sarajevogreendesign.com\/sgd2022\/speakers\/biographies\/elma-durmisevic\/\" data-type=\"page\" data-id=\"223\"><a href=\"https:\/\/sarajevogreendesign.com\/sgd2022\/speakers\/biographies\/elma-durmisevic\/\">Elma Durmisevic<\/a><br><a href=\"https:\/\/sarajevogreendesign.com\/sgd2022\/speakers\/biographies\/mario-kordic\/\">Mario Kordic<br><\/a><a href=\"https:\/\/sarajevogreendesign.com\/sgd2022\/speakers\/biographies\/senada-demirovic\/\">Senada Demirovic<br><\/a><a href=\"https:\/\/sarajevogreendesign.com\/sgd2022\/speakers\/biographies\/ruth-schagemann\/\">Ruth Schagemann<br><\/a><a href=\"https:\/\/sarajevogreendesign.com\/sgd2022\/speakers\/biographies\/duncan-baker-brown\/\">Duncan Baker-Brown<br><\/a><a href=\"https:\/\/sarajevogreendesign.com\/sgd2022\/speakers\/biographies\/jean-yves-marie\/\">Jean Yves Marie<br><\/a><a href=\"https:\/\/sarajevogreendesign.com\/sgd2022\/speakers\/biographies\/dominik-breitfus\/\">Dominik Breitfu\u00df<br><\/a><a href=\"https:\/\/sarajevogreendesign.com\/sgd2022\/speakers\/biographies\/birgul-colakoglu\/\">Birgul Colakoglu<br><\/a><a href=\"https:\/\/sarajevogreendesign.com\/sgd2022\/speakers\/biographies\/carl-backstrand\/\">Carl B\u00e4ckstrand<br><\/a><a href=\"https:\/\/sarajevogreendesign.com\/sgd2022\/speakers\/biographies\/selma-harrington\/\">Selma Harrington<br><\/a><a href=\"https:\/\/sarajevogreendesign.com\/sgd2022\/speakers\/biographies\/natasa-tabor\/\">Natasa Tabor<br><\/a><a href=\"https:\/\/sarajevogreendesign.com\/sgd2022\/speakers\/biographies\/igor-kuvac\/\">Igor Kuvac<br><\/a><a href=\"https:\/\/sarajevogreendesign.com\/sgd2022\/speakers\/biographies\/sanela-klaric\/\">Sanela Klaric<br><\/a><a href=\"https:\/\/sarajevogreendesign.com\/sgd2022\/speakers\/biographies\/gil-peled\/\">Gil Peled<br><\/a><a href=\"https:\/\/sarajevogreendesign.com\/sgd2022\/speakers\/biographies\/damir-androsevic\/\">Damir Androsevic<\/a><\/a><\/p>\n<\/div>\n\n\n\n<div class=\"wp-container-2 wp-block-column homeback\" style=\"flex-basis:66.66%\">\n<p class=\"has-medium-font-size\"><strong>Mario Kordi\u0107<\/strong><\/p>\n\n\n\n<figure class=\"wp-block-image size-full\"><img loading=\"lazy\" width=\"256\" height=\"185\" src=\"http:\/\/sarajevogreendesign.com\/sgd2022\/wp-content\/uploads\/2022\/10\/sgd2022_mario_kordic.jpg\" alt=\"\" class=\"wp-image-1859\"\/><figcaption><strong>Mayor of Mostar<\/strong><\/figcaption><\/figure>\n\n\n\n<p>The mayoris the holder of executivepower and represents the City.<br>2. He is responsible for the proper functioning of the city administration and is supervised by all employees of the City of Mostar.<br>3. Organises the work of the city administration and develops the Internal Organisation Regulation and has the power to create a generalpolicy department\u00e2.<br>4. Preparation and enforcement of citycouncildecisions;<br>5. Resolves the issues put to it by the Statute;<br>6. It shall apply the laws and regulations, implemented by the City under instructions of the HNZ\/K or FBiH on 7 October 2009<br>. It draws up a budget\/budgetplan,proposes it to the CityCounciland implements it in accordance with city council decisions<br>on 8 October 2013. It submitts a semi-annual and annual report on the implementation of the budget\/budget to the CityCouncilin<br>9 October 2013. It oversees public institutions owned by the City and will undertake the property of the City on<br>10 October. It ensures cooperationbetweenthe City Administration and the Ombudsman.<br>(article 43 of the Statute of the City of Mostar)<\/p>\n<\/div>\n\n\n\n<div class=\"wp-container-3 wp-block-column homeback\" style=\"flex-basis:66.66%\">\n<div style=\"height:70px\" aria-hidden=\"true\" class=\"wp-block-spacer\"><\/div>\n\n\n\n<p><strong>Lecture series \/opening:<\/strong><br><strong>Vision 2030<\/strong><br><strong>18:00 h<\/strong><br><strong>Day tone<\/strong><\/p>\n\n\n\n<div style=\"height:135px\" aria-hidden=\"true\" class=\"wp-block-spacer\"><\/div>\n\n\n\n<figure class=\"wp-block-image size-full\"><img loading=\"lazy\" width=\"306\" height=\"412\" src=\"https:\/\/sarajevogreendesign.com\/sgd2022\/wp-content\/uploads\/2022\/10\/sgd2022_mk_1.jpg\" alt=\"\" class=\"wp-image-1972\" srcset=\"https:\/\/sarajevogreendesign.com\/sgd2022\/wp-content\/uploads\/2022\/10\/sgd2022_mk_1.jpg 306w, https:\/\/sarajevogreendesign.com\/sgd2022\/wp-content\/uploads\/2022\/10\/sgd2022_mk_1-223x300.jpg 223w\" sizes=\"(max-width: 306px) 100vw, 306px\" \/><\/figure>\n<\/div>\n<\/div>\n","protected":false},"excerpt":{"rendered":"<p>Elma DurmisevicMario KordicSenada DemirovicRuth SchagemannDuncan Baker-BrownJean Yves MarieDominik Breitfu\u00dfBirgul ColakogluCarl B\u00e4ckstrandSelma HarringtonNatasa TaborIgor KuvacSanela KlaricGil PeledDamir Androsevic Mario Kordi\u0107 The mayoris the holder of executivepower and represents the City.2. He is responsible for the proper functioning of the city administration and is supervised by all employees of the City of Mostar.3. Organises the work of &#8230; <a class=\"read-more\" href=\"https:\/\/sarajevogreendesign.com\/sgd2022\/speakers\/biographies\/mario-kordic\/\">Read more<\/a><\/p>\n","protected":false},"author":1,"featured_media":0,"parent":101,"menu_order":0,"comment_status":"closed","ping_status":"closed","template":"","meta":[],"_links":{"self":[{"href":"https:\/\/sarajevogreendesign.com\/sgd2022\/wp-json\/wp\/v2\/pages\/1969"}],"collection":[{"href":"https:\/\/sarajevogreendesign.com\/sgd2022\/wp-json\/wp\/v2\/pages"}],"about":[{"href":"https:\/\/sarajevogreendesign.com\/sgd2022\/wp-json\/wp\/v2\/types\/page"}],"author":[{"embeddable":true,"href":"https:\/\/sarajevogreendesign.com\/sgd2022\/wp-json\/wp\/v2\/users\/1"}],"replies":[{"embeddable":true,"href":"https:\/\/sarajevogreendesign.com\/sgd2022\/wp-json\/wp\/v2\/comments?post=1969"}],"version-history":[{"count":7,"href":"https:\/\/sarajevogreendesign.com\/sgd2022\/wp-json\/wp\/v2\/pages\/1969\/revisions"}],"predecessor-version":[{"id":2044,"href":"https:\/\/sarajevogreendesign.com\/sgd2022\/wp-json\/wp\/v2\/pages\/1969\/revisions\/2044"}],"up":[{"embeddable":true,"href":"https:\/\/sarajevogreendesign.com\/sgd2022\/wp-json\/wp\/v2\/pages\/101"}],"wp:attachment":[{"href":"https:\/\/sarajevogreendesign.com\/sgd2022\/wp-json\/wp\/v2\/media?parent=1969"}],"curies":[{"name":"wp","href":"https:\/\/api.w.org\/{rel}","templated":true}]}}