{"id":1992,"date":"2022-10-04T21:36:17","date_gmt":"2022-10-04T20:36:17","guid":{"rendered":"https:\/\/sarajevogreendesign.com\/sgd2022\/?page_id=1992"},"modified":"2022-10-04T22:17:28","modified_gmt":"2022-10-04T21:17:28","slug":"dominik-breitfus","status":"publish","type":"page","link":"https:\/\/sarajevogreendesign.com\/sgd2022\/speakers\/biographies\/dominik-breitfus\/","title":{"rendered":"Dominik Breitfu\u00df"},"content":{"rendered":"\n<div class=\"wp-container-4 wp-block-columns\">\n<div class=\"wp-container-1 wp-block-column homeback\" style=\"flex-basis:33.33%\">\n<p class=\"has-small-font-size\"><a href=\"https:\/\/sarajevogreendesign.com\/sgd2022\/speakers\/biographies\/elma-durmisevic\/\" data-type=\"page\" data-id=\"223\"><\/a><a href=\"https:\/\/sarajevogreendesign.com\/sgd2022\/speakers\/biographies\/elma-durmisevic\/\" data-type=\"page\" data-id=\"223\"><a href=\"https:\/\/sarajevogreendesign.com\/sgd2022\/speakers\/biographies\/elma-durmisevic\/\">Elma Durmisevic<\/a><br><a href=\"https:\/\/sarajevogreendesign.com\/sgd2022\/speakers\/biographies\/mario-kordic\/\">Mario Kordic<br><\/a><a href=\"https:\/\/sarajevogreendesign.com\/sgd2022\/speakers\/biographies\/senada-demirovic\/\">Senada Demirovic<br><\/a><a href=\"https:\/\/sarajevogreendesign.com\/sgd2022\/speakers\/biographies\/ruth-schagemann\/\">Ruth Schagemann<br><\/a><a href=\"https:\/\/sarajevogreendesign.com\/sgd2022\/speakers\/biographies\/duncan-baker-brown\/\">Duncan Baker-Brown<br><\/a><a href=\"https:\/\/sarajevogreendesign.com\/sgd2022\/speakers\/biographies\/jean-yves-marie\/\">Jean Yves Marie<br><\/a><a href=\"https:\/\/sarajevogreendesign.com\/sgd2022\/speakers\/biographies\/dominik-breitfus\/\">Dominik Breitfu\u00df<br><\/a><a href=\"https:\/\/sarajevogreendesign.com\/sgd2022\/speakers\/biographies\/birgul-colakoglu\/\">Birgul Colakoglu<br><\/a><a href=\"https:\/\/sarajevogreendesign.com\/sgd2022\/speakers\/biographies\/carl-backstrand\/\">Carl B\u00e4ckstrand<br><\/a><a href=\"https:\/\/sarajevogreendesign.com\/sgd2022\/speakers\/biographies\/selma-harrington\/\">Selma Harrington<br><\/a><a href=\"https:\/\/sarajevogreendesign.com\/sgd2022\/speakers\/biographies\/natasa-tabor\/\">Natasa Tabor<br><\/a><a href=\"https:\/\/sarajevogreendesign.com\/sgd2022\/speakers\/biographies\/igor-kuvac\/\">Igor Kuvac<br><\/a><a href=\"https:\/\/sarajevogreendesign.com\/sgd2022\/speakers\/biographies\/sanela-klaric\/\">Sanela Klaric<br><\/a><a href=\"https:\/\/sarajevogreendesign.com\/sgd2022\/speakers\/biographies\/gil-peled\/\">Gil Peled<br><\/a><a href=\"https:\/\/sarajevogreendesign.com\/sgd2022\/speakers\/biographies\/damir-androsevic\/\">Damir Androsevic<\/a><\/a><\/p>\n<\/div>\n\n\n\n<div class=\"wp-container-2 wp-block-column homeback\" style=\"flex-basis:66.66%\">\n<p class=\"has-medium-font-size\"><strong>Dominik Breitfu\u00df<\/strong><\/p>\n\n\n\n<figure class=\"wp-block-image size-full\"><img loading=\"lazy\" width=\"256\" height=\"185\" src=\"http:\/\/sarajevogreendesign.com\/sgd2022\/wp-content\/uploads\/2022\/10\/sgd2022_dominik_breitfuss.jpg\" alt=\"\" class=\"wp-image-1868\"\/><\/figure>\n\n\n\n<p><strong>Dominik <\/strong><strong>Breitfu\u00df<\/strong><strong> <\/strong>is Researcher with focus on: &#8211; Assessment and Digitalization of building stock &#8211; BIM based Workflows<\/p>\n\n\n\n<p>Education:<\/p>\n\n\n\n<p>TU Wien, Master programme in Architecture 2018 &#8211; 2021 | Wien TU Wien, Bachelor programme in Architecture 2012 &#8211; 2018 | Wien Bundesrealgymnasium, Graduation with focus on computerscience 2004 &#8211; 2012 | Salzbur<\/p>\n\n\n\n<p>Profectional Expriance :<\/p>\n\n\n\n<p>Integrale Bauplanung Industriebau, TU Wien project assistant 2021 &#8211; present | Wien student assistant for research projects 2019 &#8211; 2021 | Wien G4S Burgtheater, billeteur 2017 &#8211; 2020 | Wien Gemeinn\u00fctzige Wohn und Siedlungsgenossenschaft \u201edie Salzburg\u201c construction technician 2018 | Salzburg construction technician 2017 | Salzburg Freinbichler Gesellschaft mbH, logistician 2016 | Salzburg Rene\u00e9 Floret Scheide, intern &#8211; architecture 2014 | Paris Mayer &amp; CO Beschl\u00e4ge GMBH, electroplating 2013 | Salzburg h.moser<\/p>\n<\/div>\n\n\n\n<div class=\"wp-container-3 wp-block-column homeback\" style=\"flex-basis:66.66%\">\n<div style=\"height:70px\" aria-hidden=\"true\" class=\"wp-block-spacer\"><\/div>\n\n\n\n<p><strong>Lecture series:<br>Digitalisation<br>18:00 h<br>Day two<\/strong><\/p>\n\n\n\n<div style=\"height:100px\" aria-hidden=\"true\" class=\"wp-block-spacer\"><\/div>\n\n\n\n<figure class=\"wp-block-image size-full\"><img loading=\"lazy\" width=\"272\" height=\"225\" src=\"https:\/\/sarajevogreendesign.com\/sgd2022\/wp-content\/uploads\/2022\/10\/sgd2022_db_1.jpg\" alt=\"\" class=\"wp-image-1993\"\/><\/figure>\n\n\n\n<p><strong>BIMstocks<\/strong><strong> \u2013 digital twins for material passports<\/strong><\/p>\n\n\n\n<p>Accurate documentation and descriptions of the materials used in the existing building stock are still unavailable and thus prevent an increasing &#8220;circular economy&#8221;. Recycling and reusing materials in the building sector is crucial in terms of resource conservation, and the research project &#8220;BIMstocks&#8221; deals with these topics. The building stock of Vienna was analyzed based on ten representative use cases, and the material masses were digitized with the help of Building Information Modelling (BIM). By evaluating the BIM models, which represent &#8220;digital twins&#8221;, material building passports were also created semi-automatically to generate an extrapolation for the whole city of Vienna. In this presentation, the workflow for creating &#8220;Digital Twins&#8221; and the problems and potentials that emerged in the project will be discussed.<\/p>\n<\/div>\n<\/div>\n","protected":false},"excerpt":{"rendered":"<p>Elma DurmisevicMario KordicSenada DemirovicRuth SchagemannDuncan Baker-BrownJean Yves MarieDominik Breitfu\u00dfBirgul ColakogluCarl B\u00e4ckstrandSelma HarringtonNatasa TaborIgor KuvacSanela KlaricGil PeledDamir Androsevic Dominik Breitfu\u00df Dominik Breitfu\u00df is Researcher with focus on: &#8211; Assessment and Digitalization of building stock &#8211; BIM based Workflows Education: TU Wien, Master programme in Architecture 2018 &#8211; 2021 | Wien TU Wien, Bachelor programme in Architecture &#8230; <a class=\"read-more\" href=\"https:\/\/sarajevogreendesign.com\/sgd2022\/speakers\/biographies\/dominik-breitfus\/\">Read more<\/a><\/p>\n","protected":false},"author":1,"featured_media":0,"parent":101,"menu_order":0,"comment_status":"closed","ping_status":"closed","template":"","meta":[],"_links":{"self":[{"href":"https:\/\/sarajevogreendesign.com\/sgd2022\/wp-json\/wp\/v2\/pages\/1992"}],"collection":[{"href":"https:\/\/sarajevogreendesign.com\/sgd2022\/wp-json\/wp\/v2\/pages"}],"about":[{"href":"https:\/\/sarajevogreendesign.com\/sgd2022\/wp-json\/wp\/v2\/types\/page"}],"author":[{"embeddable":true,"href":"https:\/\/sarajevogreendesign.com\/sgd2022\/wp-json\/wp\/v2\/users\/1"}],"replies":[{"embeddable":true,"href":"https:\/\/sarajevogreendesign.com\/sgd2022\/wp-json\/wp\/v2\/comments?post=1992"}],"version-history":[{"count":4,"href":"https:\/\/sarajevogreendesign.com\/sgd2022\/wp-json\/wp\/v2\/pages\/1992\/revisions"}],"predecessor-version":[{"id":2040,"href":"https:\/\/sarajevogreendesign.com\/sgd2022\/wp-json\/wp\/v2\/pages\/1992\/revisions\/2040"}],"up":[{"embeddable":true,"href":"https:\/\/sarajevogreendesign.com\/sgd2022\/wp-json\/wp\/v2\/pages\/101"}],"wp:attachment":[{"href":"https:\/\/sarajevogreendesign.com\/sgd2022\/wp-json\/wp\/v2\/media?parent=1992"}],"curies":[{"name":"wp","href":"https:\/\/api.w.org\/{rel}","templated":true}]}}