{"id":1996,"date":"2022-10-04T21:41:29","date_gmt":"2022-10-04T20:41:29","guid":{"rendered":"https:\/\/sarajevogreendesign.com\/sgd2022\/?page_id=1996"},"modified":"2022-10-04T22:16:52","modified_gmt":"2022-10-04T21:16:52","slug":"birgul-colakoglu","status":"publish","type":"page","link":"https:\/\/sarajevogreendesign.com\/sgd2022\/speakers\/biographies\/birgul-colakoglu\/","title":{"rendered":"Birgul Colakoglu"},"content":{"rendered":"\n<div class=\"wp-container-4 wp-block-columns\">\n<div class=\"wp-container-1 wp-block-column homeback\" style=\"flex-basis:33.33%\">\n<p class=\"has-small-font-size\"><a href=\"https:\/\/sarajevogreendesign.com\/sgd2022\/speakers\/biographies\/elma-durmisevic\/\" data-type=\"page\" data-id=\"223\"><\/a><a href=\"https:\/\/sarajevogreendesign.com\/sgd2022\/speakers\/biographies\/elma-durmisevic\/\" data-type=\"page\" data-id=\"223\">Elma Durmisevic<\/a><br><a href=\"https:\/\/sarajevogreendesign.com\/sgd2022\/speakers\/biographies\/mario-kordic\/\" data-type=\"page\" data-id=\"1969\">Mario Kordic<br><\/a><a href=\"https:\/\/sarajevogreendesign.com\/sgd2022\/speakers\/biographies\/senada-demirovic\/\" data-type=\"page\" data-id=\"1977\">Senada Demirovic<br><\/a><a href=\"https:\/\/sarajevogreendesign.com\/sgd2022\/speakers\/biographies\/ruth-schagemann\/\" data-type=\"page\" data-id=\"1981\">Ruth Schagemann<br><\/a><a href=\"https:\/\/sarajevogreendesign.com\/sgd2022\/speakers\/biographies\/duncan-baker-brown\/\" data-type=\"page\" data-id=\"1984\">Duncan Baker-Brown<br><\/a><a href=\"https:\/\/sarajevogreendesign.com\/sgd2022\/speakers\/biographies\/jean-yves-marie\/\" data-type=\"page\" data-id=\"1988\">Jean Yves Marie<br><\/a><a href=\"https:\/\/sarajevogreendesign.com\/sgd2022\/speakers\/biographies\/dominik-breitfus\/\" data-type=\"page\" data-id=\"1992\">Dominik Breitfu\u00df<br><\/a><a href=\"https:\/\/sarajevogreendesign.com\/sgd2022\/speakers\/biographies\/birgul-colakoglu\/\" data-type=\"page\" data-id=\"1996\">Birgul Colakoglu<br><\/a><a href=\"https:\/\/sarajevogreendesign.com\/sgd2022\/speakers\/biographies\/carl-backstrand\/\" data-type=\"page\" data-id=\"1999\">Carl B\u00e4ckstrand<br><\/a><a href=\"https:\/\/sarajevogreendesign.com\/sgd2022\/speakers\/biographies\/selma-harrington\/\" data-type=\"page\" data-id=\"2002\">Selma Harrington<br><\/a><a href=\"https:\/\/sarajevogreendesign.com\/sgd2022\/speakers\/biographies\/natasa-tabor\/\" data-type=\"page\" data-id=\"2005\">Natasa Tabor<br><\/a><a href=\"https:\/\/sarajevogreendesign.com\/sgd2022\/speakers\/biographies\/igor-kuvac\/\" data-type=\"page\" data-id=\"2009\">Igor Kuvac<br><\/a><a href=\"https:\/\/sarajevogreendesign.com\/sgd2022\/speakers\/biographies\/sanela-klaric\/\" data-type=\"page\" data-id=\"1572\">Sanela Klaric<br><\/a><a href=\"https:\/\/sarajevogreendesign.com\/sgd2022\/speakers\/biographies\/gil-peled\/\" data-type=\"page\" data-id=\"1184\">Gil Peled<br><\/a><a href=\"https:\/\/sarajevogreendesign.com\/sgd2022\/speakers\/biographies\/damir-androsevic\/\" data-type=\"page\" data-id=\"2017\">Damir Androsevic<\/a><\/p>\n<\/div>\n\n\n\n<div class=\"wp-container-2 wp-block-column homeback\" style=\"flex-basis:66.66%\">\n<p class=\"has-medium-font-size\"><strong>Birgul Colakoglu <\/strong><\/p>\n\n\n\n<figure class=\"wp-block-image size-full\"><img loading=\"lazy\" width=\"256\" height=\"185\" src=\"http:\/\/sarajevogreendesign.com\/sgd2022\/wp-content\/uploads\/2022\/10\/sgd2022_birgul_colakoglu.jpg\" alt=\"\" class=\"wp-image-1869\"\/><\/figure>\n\n\n\n<p><strong>Birgul<\/strong><strong> <\/strong><strong>\u00c7olakoglu<\/strong><strong>, <\/strong>graduated at Yildiz Technical University (YTU) in 1981 and completed her Ph.D. in Design and Computation in 2000 at the Massachusetts ?Institute of Technology. She worked as Postdoctoral researcher at the MIT Architecture Department in 2001. She worked at Y\u0131ld\u0131z Technical University between 2001-2015 and run Computational Design Graduate Program from 2008-2015 at YTU. Currently, she works as a professor in Architectural Design and Computing Program at \u0130stanbul Technical University. (ITU) Her research is focused on computational design education, computational tool development and circular&nbsp; Design. She was eCAADe president from 2019-2021. Currently, she is head of Advance studies in the Architecture Center, and coordinator of the Architecture Master program at ITU<\/p>\n<\/div>\n\n\n\n<div class=\"wp-container-3 wp-block-column homeback\" style=\"flex-basis:66.66%\">\n<div style=\"height:70px\" aria-hidden=\"true\" class=\"wp-block-spacer\"><\/div>\n\n\n\n<p><strong>Lecture series:<br>Digitalisation<br>18:00 h<br>Day two<\/strong><\/p>\n\n\n\n<div style=\"height:100px\" aria-hidden=\"true\" class=\"wp-block-spacer\"><\/div>\n\n\n\n<figure class=\"wp-block-image size-full\"><img loading=\"lazy\" width=\"552\" height=\"347\" src=\"https:\/\/sarajevogreendesign.com\/sgd2022\/wp-content\/uploads\/2022\/10\/sgd2022_bc_1.jpg\" alt=\"\" class=\"wp-image-1997\" srcset=\"https:\/\/sarajevogreendesign.com\/sgd2022\/wp-content\/uploads\/2022\/10\/sgd2022_bc_1.jpg 552w, https:\/\/sarajevogreendesign.com\/sgd2022\/wp-content\/uploads\/2022\/10\/sgd2022_bc_1-300x189.jpg 300w\" sizes=\"(max-width: 552px) 100vw, 552px\" \/><\/figure>\n\n\n\n<p><strong>&#8220;Integrating Circularity into Architecture Curricula&#8221;<\/strong><\/p>\n\n\n\n<p>The increased population and inadequate design and construction interrupt the systems of the earth causing a serious crisis that threatens the existence of sustainable living on the earth. Rethinking the traditional subjects and clarifying the challenges to the architecture discipline and education in these serious environmental and social crises will significantly affect architects\u2019 training. The presented educational methodologies will illustrate the integration of circularity concepts in different scales into architecture curricula.<\/p>\n<\/div>\n<\/div>\n","protected":false},"excerpt":{"rendered":"<p>Elma DurmisevicMario KordicSenada DemirovicRuth SchagemannDuncan Baker-BrownJean Yves MarieDominik Breitfu\u00dfBirgul ColakogluCarl B\u00e4ckstrandSelma HarringtonNatasa TaborIgor KuvacSanela KlaricGil PeledDamir Androsevic Birgul Colakoglu Birgul \u00c7olakoglu, graduated at Yildiz Technical University (YTU) in 1981 and completed her Ph.D. in Design and Computation in 2000 at the Massachusetts ?Institute of Technology. She worked as Postdoctoral researcher at the MIT Architecture Department &#8230; <a class=\"read-more\" href=\"https:\/\/sarajevogreendesign.com\/sgd2022\/speakers\/biographies\/birgul-colakoglu\/\">Read more<\/a><\/p>\n","protected":false},"author":1,"featured_media":0,"parent":101,"menu_order":0,"comment_status":"closed","ping_status":"closed","template":"","meta":[],"_links":{"self":[{"href":"https:\/\/sarajevogreendesign.com\/sgd2022\/wp-json\/wp\/v2\/pages\/1996"}],"collection":[{"href":"https:\/\/sarajevogreendesign.com\/sgd2022\/wp-json\/wp\/v2\/pages"}],"about":[{"href":"https:\/\/sarajevogreendesign.com\/sgd2022\/wp-json\/wp\/v2\/types\/page"}],"author":[{"embeddable":true,"href":"https:\/\/sarajevogreendesign.com\/sgd2022\/wp-json\/wp\/v2\/users\/1"}],"replies":[{"embeddable":true,"href":"https:\/\/sarajevogreendesign.com\/sgd2022\/wp-json\/wp\/v2\/comments?post=1996"}],"version-history":[{"count":3,"href":"https:\/\/sarajevogreendesign.com\/sgd2022\/wp-json\/wp\/v2\/pages\/1996\/revisions"}],"predecessor-version":[{"id":2037,"href":"https:\/\/sarajevogreendesign.com\/sgd2022\/wp-json\/wp\/v2\/pages\/1996\/revisions\/2037"}],"up":[{"embeddable":true,"href":"https:\/\/sarajevogreendesign.com\/sgd2022\/wp-json\/wp\/v2\/pages\/101"}],"wp:attachment":[{"href":"https:\/\/sarajevogreendesign.com\/sgd2022\/wp-json\/wp\/v2\/media?parent=1996"}],"curies":[{"name":"wp","href":"https:\/\/api.w.org\/{rel}","templated":true}]}}