{"id":2009,"date":"2022-10-04T21:55:21","date_gmt":"2022-10-04T20:55:21","guid":{"rendered":"https:\/\/sarajevogreendesign.com\/sgd2022\/?page_id=2009"},"modified":"2022-10-04T22:17:40","modified_gmt":"2022-10-04T21:17:40","slug":"igor-kuvac","status":"publish","type":"page","link":"https:\/\/sarajevogreendesign.com\/sgd2022\/speakers\/biographies\/igor-kuvac\/","title":{"rendered":"Igor Kuvac"},"content":{"rendered":"\n<div class=\"wp-container-4 wp-block-columns\">\n<div class=\"wp-container-1 wp-block-column homeback\" style=\"flex-basis:33.33%\">\n<p class=\"has-small-font-size\"><a href=\"https:\/\/sarajevogreendesign.com\/sgd2022\/speakers\/biographies\/elma-durmisevic\/\" data-type=\"page\" data-id=\"223\"><\/a><a href=\"https:\/\/sarajevogreendesign.com\/sgd2022\/speakers\/biographies\/elma-durmisevic\/\" data-type=\"page\" data-id=\"223\"><a href=\"https:\/\/sarajevogreendesign.com\/sgd2022\/speakers\/biographies\/elma-durmisevic\/\">Elma Durmisevic<\/a><br><a href=\"https:\/\/sarajevogreendesign.com\/sgd2022\/speakers\/biographies\/mario-kordic\/\">Mario Kordic<br><\/a><a href=\"https:\/\/sarajevogreendesign.com\/sgd2022\/speakers\/biographies\/senada-demirovic\/\">Senada Demirovic<br><\/a><a href=\"https:\/\/sarajevogreendesign.com\/sgd2022\/speakers\/biographies\/ruth-schagemann\/\">Ruth Schagemann<br><\/a><a href=\"https:\/\/sarajevogreendesign.com\/sgd2022\/speakers\/biographies\/duncan-baker-brown\/\">Duncan Baker-Brown<br><\/a><a href=\"https:\/\/sarajevogreendesign.com\/sgd2022\/speakers\/biographies\/jean-yves-marie\/\">Jean Yves Marie<br><\/a><a href=\"https:\/\/sarajevogreendesign.com\/sgd2022\/speakers\/biographies\/dominik-breitfus\/\">Dominik Breitfu\u00df<br><\/a><a href=\"https:\/\/sarajevogreendesign.com\/sgd2022\/speakers\/biographies\/birgul-colakoglu\/\">Birgul Colakoglu<br><\/a><a href=\"https:\/\/sarajevogreendesign.com\/sgd2022\/speakers\/biographies\/carl-backstrand\/\">Carl B\u00e4ckstrand<br><\/a><a href=\"https:\/\/sarajevogreendesign.com\/sgd2022\/speakers\/biographies\/selma-harrington\/\">Selma Harrington<br><\/a><a href=\"https:\/\/sarajevogreendesign.com\/sgd2022\/speakers\/biographies\/natasa-tabor\/\">Natasa Tabor<br><\/a><a href=\"https:\/\/sarajevogreendesign.com\/sgd2022\/speakers\/biographies\/igor-kuvac\/\">Igor Kuvac<br><\/a><a href=\"https:\/\/sarajevogreendesign.com\/sgd2022\/speakers\/biographies\/sanela-klaric\/\">Sanela Klaric<br><\/a><a href=\"https:\/\/sarajevogreendesign.com\/sgd2022\/speakers\/biographies\/gil-peled\/\">Gil Peled<br><\/a><a href=\"https:\/\/sarajevogreendesign.com\/sgd2022\/speakers\/biographies\/damir-androsevic\/\">Damir Androsevic<\/a><\/a><\/p>\n<\/div>\n\n\n\n<div class=\"wp-container-2 wp-block-column homeback\" style=\"flex-basis:66.66%\">\n<p class=\"has-medium-font-size\"><strong>Igor Kuvac <\/strong><\/p>\n\n\n\n<figure class=\"wp-block-image size-full\"><img loading=\"lazy\" width=\"256\" height=\"185\" src=\"http:\/\/sarajevogreendesign.com\/sgd2022\/wp-content\/uploads\/2022\/10\/sgd2022_igor_kuvac_2.jpg\" alt=\"\" class=\"wp-image-1889\"\/><\/figure>\n\n\n\n<p><strong>Igor Kuva\u010d,&nbsp; <\/strong>BArch MArch (2009) at Faculty of Architecture, Civil Engineering and Geodesy, University of Banja Luka (AGGF) | Best student of the generation | PhD degree at the University of Granada (Spain) (2017)&nbsp; | Erasmus Mundus Fellow with a dissertation titled Forced Transition &#8211; New settlements of Displaced Persons after the War (1992-1995) in Bosnia and Herzegovina.<\/p>\n\n\n\n<p>Born in Sarajevo in the 1984 Winter Olympic year. I work as an Assistant professor at the Department of Architectural Design at the University of Banja Luka, where I coordinate the Master&#8217;s program of Architecture and Urbanism, and teach different modules on architectural and urban design. I am a co-founder and Head of the Center for Spatial Research, which experiments with innovative models of urban design, and I coordinate Small SCALE and other projects. I explore the different spatial scales as well as the cultural context of contemporary urban transformations, focusing equally on urban and anthropological themes.<\/p>\n<\/div>\n\n\n\n<div class=\"wp-container-3 wp-block-column homeback\" style=\"flex-basis:66.66%\">\n<div style=\"height:70px\" aria-hidden=\"true\" class=\"wp-block-spacer\"><\/div>\n\n\n\n<p><strong>Lecture series:<br>Future Perspectives<br>18:00 h<br>Day thee<\/strong><\/p>\n\n\n\n<div style=\"height:100px\" aria-hidden=\"true\" class=\"wp-block-spacer\"><\/div>\n\n\n\n<figure class=\"wp-block-image size-large\"><img loading=\"lazy\" width=\"1024\" height=\"932\" src=\"http:\/\/sarajevogreendesign.com\/sgd2022\/wp-content\/uploads\/2022\/10\/sgd2022_ik_1-1024x932.jpg\" alt=\"\" class=\"wp-image-2010\" srcset=\"https:\/\/sarajevogreendesign.com\/sgd2022\/wp-content\/uploads\/2022\/10\/sgd2022_ik_1-1024x932.jpg 1024w, https:\/\/sarajevogreendesign.com\/sgd2022\/wp-content\/uploads\/2022\/10\/sgd2022_ik_1-300x273.jpg 300w, https:\/\/sarajevogreendesign.com\/sgd2022\/wp-content\/uploads\/2022\/10\/sgd2022_ik_1-768x699.jpg 768w, https:\/\/sarajevogreendesign.com\/sgd2022\/wp-content\/uploads\/2022\/10\/sgd2022_ik_1.jpg 1069w\" sizes=\"(max-width: 1024px) 100vw, 1024px\" \/><\/figure>\n\n\n\n<p><strong>Emerging environmental problems<\/strong><\/p>\n\n\n\n<p>Environmental pollution is one of the greatest global challenges. Its facing means continuous work on changing the entire planetary system by implementing globally coordinated strategies at different levels, scales and geographies. Unfortunately, the current situation shows that the efforts made so far have not been sufficient, thus, it is necessary to use all weapons available and to act both globally and locally. As the great ideas can be equally implemented through the simple projects at the local level, this lecture will present such small-scale action in Banja Luka city. The example of the Sewage pipes festival shows how an emerging environmental problem could be visualized and familiarized with the public.<\/p>\n<\/div>\n<\/div>\n","protected":false},"excerpt":{"rendered":"<p>Elma DurmisevicMario KordicSenada DemirovicRuth SchagemannDuncan Baker-BrownJean Yves MarieDominik Breitfu\u00dfBirgul ColakogluCarl B\u00e4ckstrandSelma HarringtonNatasa TaborIgor KuvacSanela KlaricGil PeledDamir Androsevic Igor Kuvac Igor Kuva\u010d,&nbsp; BArch MArch (2009) at Faculty of Architecture, Civil Engineering and Geodesy, University of Banja Luka (AGGF) | Best student of the generation | PhD degree at the University of Granada (Spain) (2017)&nbsp; | Erasmus &#8230; <a class=\"read-more\" href=\"https:\/\/sarajevogreendesign.com\/sgd2022\/speakers\/biographies\/igor-kuvac\/\">Read more<\/a><\/p>\n","protected":false},"author":1,"featured_media":0,"parent":101,"menu_order":0,"comment_status":"closed","ping_status":"closed","template":"","meta":[],"_links":{"self":[{"href":"https:\/\/sarajevogreendesign.com\/sgd2022\/wp-json\/wp\/v2\/pages\/2009"}],"collection":[{"href":"https:\/\/sarajevogreendesign.com\/sgd2022\/wp-json\/wp\/v2\/pages"}],"about":[{"href":"https:\/\/sarajevogreendesign.com\/sgd2022\/wp-json\/wp\/v2\/types\/page"}],"author":[{"embeddable":true,"href":"https:\/\/sarajevogreendesign.com\/sgd2022\/wp-json\/wp\/v2\/users\/1"}],"replies":[{"embeddable":true,"href":"https:\/\/sarajevogreendesign.com\/sgd2022\/wp-json\/wp\/v2\/comments?post=2009"}],"version-history":[{"count":3,"href":"https:\/\/sarajevogreendesign.com\/sgd2022\/wp-json\/wp\/v2\/pages\/2009\/revisions"}],"predecessor-version":[{"id":2042,"href":"https:\/\/sarajevogreendesign.com\/sgd2022\/wp-json\/wp\/v2\/pages\/2009\/revisions\/2042"}],"up":[{"embeddable":true,"href":"https:\/\/sarajevogreendesign.com\/sgd2022\/wp-json\/wp\/v2\/pages\/101"}],"wp:attachment":[{"href":"https:\/\/sarajevogreendesign.com\/sgd2022\/wp-json\/wp\/v2\/media?parent=2009"}],"curies":[{"name":"wp","href":"https:\/\/api.w.org\/{rel}","templated":true}]}}