{"id":1572,"date":"2019-09-26T11:55:57","date_gmt":"2019-09-26T11:55:57","guid":{"rendered":"http:\/\/sarajevogreendesign.com\/?page_id=1572"},"modified":"2024-10-14T10:01:52","modified_gmt":"2024-10-14T09:01:52","slug":"sanela-klaric","status":"publish","type":"page","link":"https:\/\/sarajevogreendesign.com\/sgd2024\/speakers\/biographies\/sanela-klaric\/","title":{"rendered":"Sanela Klari\u0107"},"content":{"rendered":"\n<div class=\"wp-block-columns is-layout-flex wp-container-core-columns-is-layout-1 wp-block-columns-is-layout-flex\">\n<div class=\"wp-block-column bioback is-layout-flow wp-block-column-is-layout-flow\" style=\"flex-basis:33.33%\">\n<p class=\"has-small-font-size\"><a href=\"https:\/\/sarajevogreendesign.com\/sgd2024\/speakers\/biographies\/elma-durmisevic\/\" data-type=\"page\" data-id=\"223\"><\/a><a href=\"https:\/\/sarajevogreendesign.com\/sgd2024\/speakers\/biographies\/elma-durmisevic\/\">Elma Durmisevic<\/a><br><a href=\"https:\/\/sarajevogreendesign.com\/sgd2024\/speakers\/biographies\/mario-kordic\/\">Mario Kordic<br><\/a><a href=\"https:\/\/sarajevogreendesign.com\/sgd2024\/speakers\/biographies\/nasiha-pozder\/\">Nasiha Pozder<br><\/a><a href=\"https:\/\/sarajevogreendesign.com\/sgd2024\/speakers\/biographies\/thorsten-nolle\/\">Thorsten N\u00f6lle<br><\/a><a href=\"https:\/\/sarajevogreendesign.com\/sgd2024\/speakers\/biographies\/ron-jacobs\/\">Ron Jacobs<br><\/a><a href=\"https:\/\/sarajevogreendesign.com\/sgd2024\/speakers\/biographies\/dubrvko-bacic\/\">Dubravko Ba\u010di\u0107<br><\/a><a href=\"https:\/\/sarajevogreendesign.com\/sgd2024\/speakers\/biographies\/admir-kulin\/\">Admir Kulin<br><\/a><a href=\"https:\/\/sarajevogreendesign.com\/sgd2024\/speakers\/biographies\/duncan-baker-brown\/\">Duncan Baker-Brown<br><\/a><a href=\"https:\/\/sarajevogreendesign.com\/sgd2024\/speakers\/biographies\/roberta-zarcone\/\">Roberta Zarcone<br><\/a><a href=\"https:\/\/sarajevogreendesign.com\/sgd2024\/speakers\/biographies\/selma-harrington\/\">Selma Harrington<br><\/a><a href=\"https:\/\/sarajevogreendesign.com\/sgd2024\/speakers\/biographies\/igor-kuvac\/\">Igor Kuvac<br><\/a><a href=\"https:\/\/sarajevogreendesign.com\/sgd2024\/speakers\/biographies\/tijana-tufek-memisevic\/\">Tijana Tufek Memisevic<br><\/a><a href=\"https:\/\/sarajevogreendesign.com\/sgd2024\/speakers\/biographies\/joost-declerq\/\">Joost Declerq<br><\/a><a href=\"https:\/\/sarajevogreendesign.com\/sgd2024\/speakers\/biographies\/senada-demirovic\/\">Senada Demirovic<br><\/a><a href=\"https:\/\/sarajevogreendesign.com\/sgd2024\/speakers\/biographies\/sanela-klaric\/\">Sanela Klaric<br><\/a><a href=\"https:\/\/sarajevogreendesign.com\/sgd2024\/speakers\/biographies\/gil-peled\/\">Gil Peled<br><\/a><a href=\"https:\/\/sarajevogreendesign.com\/sgd2024\/speakers\/biographies\/gilli-hobbs\/\">Gilli Hobsb<br><\/a><a href=\"https:\/\/sarajevogreendesign.com\/sgd2024\/speakers\/biographies\/haris-bradic\/\">Haris Bradi\u0107<br><\/a><\/p>\n<\/div>\n\n\n\n<div class=\"wp-block-column bioback is-layout-flow wp-block-column-is-layout-flow\" style=\"flex-basis:66.66%\">\n<p style=\"font-size:35px\">Sanela Klaric<\/p>\n\n\n\n<figure class=\"wp-block-image size-full\"><img loading=\"lazy\" decoding=\"async\" width=\"256\" height=\"185\" src=\"https:\/\/sarajevogreendesign.com\/sgd2024\/wp-content\/uploads\/2022\/10\/sgd2022_o3.jpg\" alt=\"\" class=\"wp-image-1839\"\/><\/figure>\n\n\n\n<p><br><strong>Sanela Klari\u0107<\/strong> was born on 28 August 1970 in Sarajevo. After completing high school (Druga Gimnazija), she graduated from the Faculty of Architecture in Sarajevo in 1998. She worked for OSCE and the UK Government as an independent consultant on justice and rural development projects in Bosnia and Herzegovina, as well as on EU projects focused on civil sector networking and broader support to the civil sector in the Western Balkans and Turkey. Ms. Klari\u0107 is also an associate of the UK-based consultancy Catalyst, a member of the Global Alliance \u201cGreen New Deal\u201d (set up by MPs all over the World) a member of the organizational board of the Sarajevo Green Design Festival, as well as a member of the Supervising Board of BiH Association of Architects. She is chairwoman of the Association of Landscape Architects in BiH, as well as founder and chair women in Green Building Council association, bringing together experts from various sectors such as architecture, economy, rural development, education, nutrition, environment and EU integration. Green Building Council focuses on designing and implementing sustainable projects to enhance prosperity in Bosnia and Herzegovina. She is a Vice president of the Board of Engineering Chamber in FBiH as well as member of the Education Board in Olympic Committee of BiH.<br>Ms. Klari\u0107 is an expert in EU integration, in the fields of sustainable development, circular economy, rural development, environment, energy efficiency, sport sustainable buildings and infrastructure and natural materials. She has moderated a number of public events, and designed and implemented training for government institutions, the non-governmental sector and political representatives.<br>Ms. Klari\u0107 obtained her MA (2008) and PhD (2014) at the Faculty of Architecture of the University of Sarajevo, with support from professors at the Technical University in Vienna. She focused on sustainable architecture and natural materials and their potential to contribute to balanced and sustainable socio-economic development in Bosnia and Herzegovina. She has published several papers and spoken at a number of conferences. She was also one of the first speakers at the TED University event in Sarajevo, nominated by her students.<br>At the moment, Ms. Klari\u0107 is Associated Professor in the Architecture Department at the International Burch University on the topics of Architecture design of individual houses, sustainable architecture, Energy Efficient Architecture, Sustainable sport building and infrastructure, natural materials and Green cities. She cooperates closely with universities and research centers throughout Europe and the world. She is also Member of the Parliament FBiH 2019-2022. She is a member of The Global Alliance for Green New Deal.<br>Her passion for achieving sustainable development in Bosnia and Herzegovina though the use of natural materials is reflected in the book \u201cSustainable Housing\u201d, based on her Doctoral thesis, as well as in her projects and research. Ms. Klari\u0107\u2019s ultimate goal is to promote the great development potential of Bosnia and Herzegovina through its own natural resources, supported by an interdisciplinary approach and linking together the fields of architecture, housing, rural development, environment protection, climate change, economy, and employment.<br>Sanela\u2019s family is the greatest treasure in her life.<\/p>\n<\/div>\n\n\n\n<div class=\"wp-block-column bioback is-layout-flow wp-block-column-is-layout-flow\" style=\"flex-basis:66.66%\">\n<div style=\"height:59px\" aria-hidden=\"true\" class=\"wp-block-spacer\"><\/div>\n\n\n\n<p style=\"font-size:14px\"><strong>Lecture block<\/strong>:<br><br><strong>18:00 h<\/strong><br><strong>18 October 2024<\/strong><\/p>\n\n\n\n<div style=\"height:166px\" aria-hidden=\"true\" class=\"wp-block-spacer\"><\/div>\n\n\n\n<p><\/p>\n<\/div>\n<\/div>\n","protected":false},"excerpt":{"rendered":"<p>Elma DurmisevicMario KordicNasiha PozderThorsten N\u00f6lleRon JacobsDubravko Ba\u010di\u0107Admir KulinDuncan Baker-BrownRoberta ZarconeSelma HarringtonIgor KuvacTijana Tufek MemisevicJoost DeclerqSenada DemirovicSanela KlaricGil PeledGilli HobsbHaris Bradi\u0107 Sanela Klaric Sanela Klari\u0107 was born on 28 August 1970 in Sarajevo. After completing high school (Druga Gimnazija), she graduated from the Faculty of Architecture in Sarajevo in 1998. She worked for OSCE and the &#8230; <a class=\"read-more\" href=\"https:\/\/sarajevogreendesign.com\/sgd2024\/speakers\/biographies\/sanela-klaric\/\">Read more<\/a><\/p>\n","protected":false},"author":1,"featured_media":0,"parent":101,"menu_order":0,"comment_status":"closed","ping_status":"closed","template":"","meta":{"footnotes":""},"class_list":["post-1572","page","type-page","status-publish","hentry"],"_links":{"self":[{"href":"https:\/\/sarajevogreendesign.com\/sgd2024\/wp-json\/wp\/v2\/pages\/1572"}],"collection":[{"href":"https:\/\/sarajevogreendesign.com\/sgd2024\/wp-json\/wp\/v2\/pages"}],"about":[{"href":"https:\/\/sarajevogreendesign.com\/sgd2024\/wp-json\/wp\/v2\/types\/page"}],"author":[{"embeddable":true,"href":"https:\/\/sarajevogreendesign.com\/sgd2024\/wp-json\/wp\/v2\/users\/1"}],"replies":[{"embeddable":true,"href":"https:\/\/sarajevogreendesign.com\/sgd2024\/wp-json\/wp\/v2\/comments?post=1572"}],"version-history":[{"count":7,"href":"https:\/\/sarajevogreendesign.com\/sgd2024\/wp-json\/wp\/v2\/pages\/1572\/revisions"}],"predecessor-version":[{"id":2659,"href":"https:\/\/sarajevogreendesign.com\/sgd2024\/wp-json\/wp\/v2\/pages\/1572\/revisions\/2659"}],"up":[{"embeddable":true,"href":"https:\/\/sarajevogreendesign.com\/sgd2024\/wp-json\/wp\/v2\/pages\/101"}],"wp:attachment":[{"href":"https:\/\/sarajevogreendesign.com\/sgd2024\/wp-json\/wp\/v2\/media?parent=1572"}],"curies":[{"name":"wp","href":"https:\/\/api.w.org\/{rel}","templated":true}]}}