{"id":1977,"date":"2022-10-04T21:18:48","date_gmt":"2022-10-04T20:18:48","guid":{"rendered":"https:\/\/sarajevogreendesign.com\/sgd2022\/?page_id=1977"},"modified":"2024-10-14T10:02:02","modified_gmt":"2024-10-14T09:02:02","slug":"senada-demirovic","status":"publish","type":"page","link":"https:\/\/sarajevogreendesign.com\/sgd2024\/speakers\/biographies\/senada-demirovic\/","title":{"rendered":"Senada Demirovi\u0107"},"content":{"rendered":"\n<div class=\"wp-block-columns is-layout-flex wp-container-core-columns-is-layout-1 wp-block-columns-is-layout-flex\">\n<div class=\"wp-block-column bioback is-layout-flow wp-block-column-is-layout-flow\" style=\"flex-basis:33.33%\">\n<p class=\"has-small-font-size\"><a href=\"https:\/\/sarajevogreendesign.com\/sgd2024\/speakers\/biographies\/elma-durmisevic\/\" data-type=\"page\" data-id=\"223\"><\/a><a href=\"https:\/\/sarajevogreendesign.com\/sgd2024\/speakers\/biographies\/elma-durmisevic\/\">Elma Durmisevic<\/a><br><a href=\"https:\/\/sarajevogreendesign.com\/sgd2024\/speakers\/biographies\/mario-kordic\/\">Mario Kordic<br><\/a><a href=\"https:\/\/sarajevogreendesign.com\/sgd2024\/speakers\/biographies\/nasiha-pozder\/\">Nasiha Pozder<br><\/a><a href=\"https:\/\/sarajevogreendesign.com\/sgd2024\/speakers\/biographies\/thorsten-nolle\/\">Thorsten N\u00f6lle<br><\/a><a href=\"https:\/\/sarajevogreendesign.com\/sgd2024\/speakers\/biographies\/ron-jacobs\/\">Ron Jacobs<br><\/a><a href=\"https:\/\/sarajevogreendesign.com\/sgd2024\/speakers\/biographies\/dubrvko-bacic\/\">Dubravko Ba\u010di\u0107<br><\/a><a href=\"https:\/\/sarajevogreendesign.com\/sgd2024\/speakers\/biographies\/admir-kulin\/\">Admir Kulin<br><\/a><a href=\"https:\/\/sarajevogreendesign.com\/sgd2024\/speakers\/biographies\/duncan-baker-brown\/\">Duncan Baker-Brown<br><\/a><a href=\"https:\/\/sarajevogreendesign.com\/sgd2024\/speakers\/biographies\/roberta-zarcone\/\">Roberta Zarcone<br><\/a><a href=\"https:\/\/sarajevogreendesign.com\/sgd2024\/speakers\/biographies\/selma-harrington\/\">Selma Harrington<br><\/a><a href=\"https:\/\/sarajevogreendesign.com\/sgd2024\/speakers\/biographies\/igor-kuvac\/\">Igor Kuvac<br><\/a><a href=\"https:\/\/sarajevogreendesign.com\/sgd2024\/speakers\/biographies\/tijana-tufek-memisevic\/\">Tijana Tufek Memisevic<br><\/a><a href=\"https:\/\/sarajevogreendesign.com\/sgd2024\/speakers\/biographies\/joost-declerq\/\">Joost Declerq<br><\/a><a href=\"https:\/\/sarajevogreendesign.com\/sgd2024\/speakers\/biographies\/senada-demirovic\/\">Senada Demirovic<br><\/a><a href=\"https:\/\/sarajevogreendesign.com\/sgd2024\/speakers\/biographies\/sanela-klaric\/\">Sanela Klaric<br><\/a><a href=\"https:\/\/sarajevogreendesign.com\/sgd2024\/speakers\/biographies\/gil-peled\/\">Gil Peled<br><\/a><a href=\"https:\/\/sarajevogreendesign.com\/sgd2024\/speakers\/biographies\/gilli-hobbs\/\">Gilli Hobsb<br><\/a><a href=\"https:\/\/sarajevogreendesign.com\/sgd2024\/speakers\/biographies\/haris-bradic\/\">Haris Bradi\u0107<br><\/a><\/p>\n<\/div>\n\n\n\n<div class=\"wp-block-column bioback is-layout-flow wp-block-column-is-layout-flow\" style=\"flex-basis:66.66%\">\n<p style=\"font-size:35px\">Senada Demirovic<\/p>\n\n\n\n<figure class=\"wp-block-image size-full\"><img loading=\"lazy\" decoding=\"async\" width=\"256\" height=\"185\" src=\"https:\/\/sarajevogreendesign.com\/sgd2024\/wp-content\/uploads\/2022\/10\/sgd2022_o2.jpg\" alt=\"\" class=\"wp-image-1837\"\/><\/figure>\n<\/div>\n\n\n\n<div class=\"wp-block-column bioback is-layout-flow wp-block-column-is-layout-flow\" style=\"flex-basis:66.66%\">\n<div style=\"height:60px\" aria-hidden=\"true\" class=\"wp-block-spacer\"><\/div>\n\n\n\n<p style=\"font-size:14px\"><strong>Lecture block:<\/strong><br><br><strong>18:00 h<\/strong><br><strong>18 October 2024<\/strong><\/p>\n\n\n\n<div style=\"height:49px\" aria-hidden=\"true\" class=\"wp-block-spacer\"><\/div>\n\n\n\n<figure class=\"wp-block-image size-full\"><img loading=\"lazy\" decoding=\"async\" width=\"391\" height=\"313\" src=\"https:\/\/sarajevogreendesign.com\/sgd2024\/wp-content\/uploads\/2024\/10\/senada-d-pic-1.png\" alt=\"\" class=\"wp-image-2518\" srcset=\"https:\/\/sarajevogreendesign.com\/sgd2024\/wp-content\/uploads\/2024\/10\/senada-d-pic-1.png 391w, https:\/\/sarajevogreendesign.com\/sgd2024\/wp-content\/uploads\/2024\/10\/senada-d-pic-1-300x240.png 300w\" sizes=\"(max-width: 391px) 100vw, 391px\" \/><\/figure>\n\n\n\n<p><\/p>\n\n\n\n<p style=\"font-size:14px\"><strong>Urban reconstruction in continuity &#8211; Mostar as a new experience<\/strong><\/p>\n\n\n\n<p>&#8220;The city of Mostar lives on the river and its banks for centuries. The Neretva River adorns Mostar but also divides it into two banks. Apart from the Neretva River, which naturally separates Mostar, the man made an artificial division almost 30 years ago along the\u00a0 road known as the Boulevard. This physical division caused Mostar to be divided socially, ethnically, culturally and at every other level.\u00a0 In order for the city to experience catharsis and create new values, it is necessary to be understood rather than built, because the city is not just buildings and streets, the city is much more, it is a mosaic of stories and narratives. Culture can be the driver force of a change and the creator of a new healthy and creative environment where development strategies based on culture and the creative industries can overcome the trauma of division and provide this city with a prosperous future archiving spatial, social and experiential continuity.&#8221;<\/p>\n<\/div>\n<\/div>\n","protected":false},"excerpt":{"rendered":"<p>Elma DurmisevicMario KordicNasiha PozderThorsten N\u00f6lleRon JacobsDubravko Ba\u010di\u0107Admir KulinDuncan Baker-BrownRoberta ZarconeSelma HarringtonIgor KuvacTijana Tufek MemisevicJoost DeclerqSenada DemirovicSanela KlaricGil PeledGilli HobsbHaris Bradi\u0107 Senada Demirovic Lecture block: 18:00 h18 October 2024 Urban reconstruction in continuity &#8211; Mostar as a new experience &#8220;The city of Mostar lives on the river and its banks for centuries. The Neretva River adorns &#8230; <a class=\"read-more\" href=\"https:\/\/sarajevogreendesign.com\/sgd2024\/speakers\/biographies\/senada-demirovic\/\">Read more<\/a><\/p>\n","protected":false},"author":1,"featured_media":0,"parent":101,"menu_order":0,"comment_status":"closed","ping_status":"closed","template":"","meta":{"footnotes":""},"class_list":["post-1977","page","type-page","status-publish","hentry"],"_links":{"self":[{"href":"https:\/\/sarajevogreendesign.com\/sgd2024\/wp-json\/wp\/v2\/pages\/1977"}],"collection":[{"href":"https:\/\/sarajevogreendesign.com\/sgd2024\/wp-json\/wp\/v2\/pages"}],"about":[{"href":"https:\/\/sarajevogreendesign.com\/sgd2024\/wp-json\/wp\/v2\/types\/page"}],"author":[{"embeddable":true,"href":"https:\/\/sarajevogreendesign.com\/sgd2024\/wp-json\/wp\/v2\/users\/1"}],"replies":[{"embeddable":true,"href":"https:\/\/sarajevogreendesign.com\/sgd2024\/wp-json\/wp\/v2\/comments?post=1977"}],"version-history":[{"count":9,"href":"https:\/\/sarajevogreendesign.com\/sgd2024\/wp-json\/wp\/v2\/pages\/1977\/revisions"}],"predecessor-version":[{"id":2661,"href":"https:\/\/sarajevogreendesign.com\/sgd2024\/wp-json\/wp\/v2\/pages\/1977\/revisions\/2661"}],"up":[{"embeddable":true,"href":"https:\/\/sarajevogreendesign.com\/sgd2024\/wp-json\/wp\/v2\/pages\/101"}],"wp:attachment":[{"href":"https:\/\/sarajevogreendesign.com\/sgd2024\/wp-json\/wp\/v2\/media?parent=1977"}],"curies":[{"name":"wp","href":"https:\/\/api.w.org\/{rel}","templated":true}]}}