{"id":2002,"date":"2022-10-04T21:48:14","date_gmt":"2022-10-04T20:48:14","guid":{"rendered":"https:\/\/sarajevogreendesign.com\/sgd2022\/?page_id=2002"},"modified":"2024-10-14T10:01:57","modified_gmt":"2024-10-14T09:01:57","slug":"selma-harrington","status":"publish","type":"page","link":"https:\/\/sarajevogreendesign.com\/sgd2024\/speakers\/biographies\/selma-harrington\/","title":{"rendered":"Selma Harrington"},"content":{"rendered":"\n<div class=\"wp-block-columns is-layout-flex wp-container-core-columns-is-layout-1 wp-block-columns-is-layout-flex\">\n<div class=\"wp-block-column bioback is-layout-flow wp-block-column-is-layout-flow\" style=\"flex-basis:33.33%\">\n<p class=\"has-small-font-size\"><a href=\"https:\/\/sarajevogreendesign.com\/sgd2024\/speakers\/biographies\/elma-durmisevic\/\" data-type=\"page\" data-id=\"223\"><\/a><a href=\"https:\/\/sarajevogreendesign.com\/sgd2024\/speakers\/biographies\/elma-durmisevic\/\">Elma Durmisevic<\/a><br><a href=\"https:\/\/sarajevogreendesign.com\/sgd2024\/speakers\/biographies\/mario-kordic\/\">Mario Kordic<br><\/a><a href=\"https:\/\/sarajevogreendesign.com\/sgd2024\/speakers\/biographies\/nasiha-pozder\/\">Nasiha Pozder<br><\/a><a href=\"https:\/\/sarajevogreendesign.com\/sgd2024\/speakers\/biographies\/thorsten-nolle\/\">Thorsten N\u00f6lle<br><\/a><a href=\"https:\/\/sarajevogreendesign.com\/sgd2024\/speakers\/biographies\/ron-jacobs\/\">Ron Jacobs<br><\/a><a href=\"https:\/\/sarajevogreendesign.com\/sgd2024\/speakers\/biographies\/dubrvko-bacic\/\">Dubravko Ba\u010di\u0107<br><\/a><a href=\"https:\/\/sarajevogreendesign.com\/sgd2024\/speakers\/biographies\/admir-kulin\/\">Admir Kulin<br><\/a><a href=\"https:\/\/sarajevogreendesign.com\/sgd2024\/speakers\/biographies\/duncan-baker-brown\/\">Duncan Baker-Brown<br><\/a><a href=\"https:\/\/sarajevogreendesign.com\/sgd2024\/speakers\/biographies\/roberta-zarcone\/\">Roberta Zarcone<br><\/a><a href=\"https:\/\/sarajevogreendesign.com\/sgd2024\/speakers\/biographies\/selma-harrington\/\">Selma Harrington<br><\/a><a href=\"https:\/\/sarajevogreendesign.com\/sgd2024\/speakers\/biographies\/igor-kuvac\/\">Igor Kuvac<br><\/a><a href=\"https:\/\/sarajevogreendesign.com\/sgd2024\/speakers\/biographies\/tijana-tufek-memisevic\/\">Tijana Tufek Memisevic<br><\/a><a href=\"https:\/\/sarajevogreendesign.com\/sgd2024\/speakers\/biographies\/joost-declerq\/\">Joost Declerq<br><\/a><a href=\"https:\/\/sarajevogreendesign.com\/sgd2024\/speakers\/biographies\/senada-demirovic\/\">Senada Demirovic<br><\/a><a href=\"https:\/\/sarajevogreendesign.com\/sgd2024\/speakers\/biographies\/sanela-klaric\/\">Sanela Klaric<br><\/a><a href=\"https:\/\/sarajevogreendesign.com\/sgd2024\/speakers\/biographies\/gil-peled\/\">Gil Peled<br><\/a><a href=\"https:\/\/sarajevogreendesign.com\/sgd2024\/speakers\/biographies\/gilli-hobbs\/\">Gilli Hobsb<br><\/a><a href=\"https:\/\/sarajevogreendesign.com\/sgd2024\/speakers\/biographies\/haris-bradic\/\">Haris Bradi\u0107<br><\/a><\/p>\n<\/div>\n\n\n\n<div class=\"wp-block-column bioback is-layout-flow wp-block-column-is-layout-flow\" style=\"flex-basis:66.66%\">\n<p style=\"font-size:35px\"><strong>Selma Harrington<\/strong><\/p>\n\n\n\n<figure class=\"wp-block-image size-full\"><img loading=\"lazy\" decoding=\"async\" width=\"256\" height=\"185\" src=\"http:\/\/sarajevogreendesign.com\/sgd2022\/wp-content\/uploads\/2022\/10\/sgd2022_selma_harrington.jpg\" alt=\"\" class=\"wp-image-1904\"\/><\/figure>\n\n\n\n<p><br><strong>Selma Harrington <\/strong>| ARCHITECTS COUNCIL OF EUROPE (ACE)| ACE Executive Board member \u2013 Coordinator Research and Development (current) and Past-President (2010-13) | Founding Member of the New European Bauhaus Forum Bosnia and Herzegovina | Registered<strong> <\/strong>Architect MRIAI HonAIA<\/p>\n\n\n\n<p><em>Born and educated in Sarajevo, Bosnia and Herzegovina, where I\u2019ve obtained a Bachelors\u2019 and Masters\u2019 Degree in Architecture, I am now based in Dublin, Ireland and hold a PhD Architecture from the University of Strathclyde and an MPhil European Studies at the Trinity College Dublin.<\/em>&nbsp; <em>With a well of experience in crossing borders and boundaries in Europe, Africa and Asia, trough educational and design leadership and professional advocacy, I am deeply committed to advancing the role of architecture and creative disciplines in society, economy and education. Through professional networking and joint projects, I advise, motivate and engage creative communities on local and global tasks and projects for culturally sensitive just green transition in built environment.<\/em><\/p>\n<\/div>\n\n\n\n<div class=\"wp-block-column bioback is-layout-flow wp-block-column-is-layout-flow\" style=\"flex-basis:66.66%\">\n<div style=\"height:111px\" aria-hidden=\"true\" class=\"wp-block-spacer\"><\/div>\n\n\n\n<p style=\"font-size:14px\"><strong>Lecture:<br>18:00 h<br>17 October 2024<\/strong><\/p>\n\n\n\n<div style=\"height:100px\" aria-hidden=\"true\" class=\"wp-block-spacer\"><\/div>\n\n\n\n<figure class=\"wp-block-image size-full\"><img loading=\"lazy\" decoding=\"async\" width=\"491\" height=\"274\" src=\"https:\/\/sarajevogreendesign.com\/sgd2022\/wp-content\/uploads\/2022\/10\/sgd2022_sh_1.jpg\" alt=\"\" class=\"wp-image-2003\" srcset=\"https:\/\/sarajevogreendesign.com\/sgd2024\/wp-content\/uploads\/2022\/10\/sgd2022_sh_1.jpg 491w, https:\/\/sarajevogreendesign.com\/sgd2024\/wp-content\/uploads\/2022\/10\/sgd2022_sh_1-300x167.jpg 300w\" sizes=\"(max-width: 491px) 100vw, 491px\" \/><\/figure>\n\n\n\n<p style=\"font-size:14px\"><strong>WHAT IS THE NEW EUROPEAN BAUHAUS TO US: Connecting the dots, drawing the lines<\/strong><\/p>\n\n\n\n<p><br>The New European Bauhaus initiative was launched by the EU COM\u2019s President Ursula van der Leyen with the aspiration to make the EU Green transformation a cultural movement. At the same time, wishing to overcome isolated approaches, the initiative actively enabled synergies and engagement among creative professions, institutions and civic society.<\/p>\n\n\n\n<p>This paper discusses a specific \u201caudience building\u201d activity of the Architects Council of Europe and a foundation of the New European Bauhaus Forum Bosnia and Herzegovina (NEB Forum BiH), set to translate and transpose the ideas of the New European Bauhaus into local and domestic context.&nbsp; The Forum observes the relationship and (dis)continuities between space as realm of public action, practice and culture in the built environment through a cross-disciplinary lens from professionals and networks in academia, civic society and local (planning) authorities. The paper is inspired by the action research conducted with the Forum and its findings presented at the Round Table on the New European Bauhaus in Sarajevo in June 2022. Connecting a grouping of professionals from the built environment, architecture, art and education from several regional centers with the Bosnian diaspora, several blended themes were explored, from global to local, digital and remote, physical, analogue and direct, to systemic and practical.<\/p>\n\n\n\n<p>The Forum charts a common ground and an action field among diverse approaches identifying the needs and directions for further action in the shared environment(s). Tracing the unique \u201cBosnian connection\u201d to the original Bauhaus up to the present-day shortcomings in the processes of the European integration, this paper sketches a template framework for application of the New European Bauhaus ideas in the local context. At the same time, it argues for a stronger recognition and structured support for the Forum as a platform of the novel form of education, environmental learning and engagement.<\/p>\n\n\n\n<p><strong>Key words:<\/strong> New European Bauhaus, Architects Council of Europe, audience building, Bosnia and Herzegovina, common ground, environmental learning and engagement<\/p>\n<\/div>\n<\/div>\n","protected":false},"excerpt":{"rendered":"<p>Elma DurmisevicMario KordicNasiha PozderThorsten N\u00f6lleRon JacobsDubravko Ba\u010di\u0107Admir KulinDuncan Baker-BrownRoberta ZarconeSelma HarringtonIgor KuvacTijana Tufek MemisevicJoost DeclerqSenada DemirovicSanela KlaricGil PeledGilli HobsbHaris Bradi\u0107 Selma Harrington Selma Harrington | ARCHITECTS COUNCIL OF EUROPE (ACE)| ACE Executive Board member \u2013 Coordinator Research and Development (current) and Past-President (2010-13) | Founding Member of the New European Bauhaus Forum Bosnia and Herzegovina &#8230; <a class=\"read-more\" href=\"https:\/\/sarajevogreendesign.com\/sgd2024\/speakers\/biographies\/selma-harrington\/\">Read more<\/a><\/p>\n","protected":false},"author":1,"featured_media":0,"parent":101,"menu_order":0,"comment_status":"closed","ping_status":"closed","template":"","meta":{"footnotes":""},"class_list":["post-2002","page","type-page","status-publish","hentry"],"_links":{"self":[{"href":"https:\/\/sarajevogreendesign.com\/sgd2024\/wp-json\/wp\/v2\/pages\/2002"}],"collection":[{"href":"https:\/\/sarajevogreendesign.com\/sgd2024\/wp-json\/wp\/v2\/pages"}],"about":[{"href":"https:\/\/sarajevogreendesign.com\/sgd2024\/wp-json\/wp\/v2\/types\/page"}],"author":[{"embeddable":true,"href":"https:\/\/sarajevogreendesign.com\/sgd2024\/wp-json\/wp\/v2\/users\/1"}],"replies":[{"embeddable":true,"href":"https:\/\/sarajevogreendesign.com\/sgd2024\/wp-json\/wp\/v2\/comments?post=2002"}],"version-history":[{"count":7,"href":"https:\/\/sarajevogreendesign.com\/sgd2024\/wp-json\/wp\/v2\/pages\/2002\/revisions"}],"predecessor-version":[{"id":2660,"href":"https:\/\/sarajevogreendesign.com\/sgd2024\/wp-json\/wp\/v2\/pages\/2002\/revisions\/2660"}],"up":[{"embeddable":true,"href":"https:\/\/sarajevogreendesign.com\/sgd2024\/wp-json\/wp\/v2\/pages\/101"}],"wp:attachment":[{"href":"https:\/\/sarajevogreendesign.com\/sgd2024\/wp-json\/wp\/v2\/media?parent=2002"}],"curies":[{"name":"wp","href":"https:\/\/api.w.org\/{rel}","templated":true}]}}