{"id":2425,"date":"2024-10-03T22:09:17","date_gmt":"2024-10-03T21:09:17","guid":{"rendered":"https:\/\/sarajevogreendesign.com\/sgd2024\/?page_id=2425"},"modified":"2024-10-14T10:01:40","modified_gmt":"2024-10-14T09:01:40","slug":"nasiha-pozder","status":"publish","type":"page","link":"https:\/\/sarajevogreendesign.com\/sgd2024\/speakers\/biographies\/nasiha-pozder\/","title":{"rendered":"Nasiha Pozder"},"content":{"rendered":"\n<div class=\"wp-block-columns is-layout-flex wp-container-core-columns-is-layout-1 wp-block-columns-is-layout-flex\">\n<div class=\"wp-block-column bioback is-layout-flow wp-block-column-is-layout-flow\" style=\"flex-basis:33.33%\">\n<p class=\"has-small-font-size\"><a href=\"https:\/\/sarajevogreendesign.com\/sgd2024\/speakers\/biographies\/elma-durmisevic\/\" data-type=\"page\" data-id=\"223\"><\/a><a href=\"https:\/\/sarajevogreendesign.com\/sgd2024\/speakers\/biographies\/elma-durmisevic\/\">Elma Durmisevic<\/a><br><a href=\"https:\/\/sarajevogreendesign.com\/sgd2024\/speakers\/biographies\/mario-kordic\/\">Mario Kordic<br><\/a><a href=\"https:\/\/sarajevogreendesign.com\/sgd2024\/speakers\/biographies\/nasiha-pozder\/\">Nasiha Pozder<br><\/a><a href=\"https:\/\/sarajevogreendesign.com\/sgd2024\/speakers\/biographies\/thorsten-nolle\/\">Thorsten N\u00f6lle<br><\/a><a href=\"https:\/\/sarajevogreendesign.com\/sgd2024\/speakers\/biographies\/ron-jacobs\/\">Ron Jacobs<br><\/a><a href=\"https:\/\/sarajevogreendesign.com\/sgd2024\/speakers\/biographies\/dubrvko-bacic\/\">Dubravko Ba\u010di\u0107<br><\/a><a href=\"https:\/\/sarajevogreendesign.com\/sgd2024\/speakers\/biographies\/admir-kulin\/\">Admir Kulin<br><\/a><a href=\"https:\/\/sarajevogreendesign.com\/sgd2024\/speakers\/biographies\/duncan-baker-brown\/\">Duncan Baker-Brown<br><\/a><a href=\"https:\/\/sarajevogreendesign.com\/sgd2024\/speakers\/biographies\/roberta-zarcone\/\">Roberta Zarcone<br><\/a><a href=\"https:\/\/sarajevogreendesign.com\/sgd2024\/speakers\/biographies\/selma-harrington\/\">Selma Harrington<br><\/a><a href=\"https:\/\/sarajevogreendesign.com\/sgd2024\/speakers\/biographies\/igor-kuvac\/\">Igor Kuvac<br><\/a><a href=\"https:\/\/sarajevogreendesign.com\/sgd2024\/speakers\/biographies\/tijana-tufek-memisevic\/\">Tijana Tufek Memisevic<br><\/a><a href=\"https:\/\/sarajevogreendesign.com\/sgd2024\/speakers\/biographies\/joost-declerq\/\">Joost Declerq<br><\/a><a href=\"https:\/\/sarajevogreendesign.com\/sgd2024\/speakers\/biographies\/senada-demirovic\/\">Senada Demirovic<br><\/a><a href=\"https:\/\/sarajevogreendesign.com\/sgd2024\/speakers\/biographies\/sanela-klaric\/\">Sanela Klaric<br><\/a><a href=\"https:\/\/sarajevogreendesign.com\/sgd2024\/speakers\/biographies\/gil-peled\/\">Gil Peled<br><\/a><a href=\"https:\/\/sarajevogreendesign.com\/sgd2024\/speakers\/biographies\/gilli-hobbs\/\">Gilli Hobsb<br><\/a><a href=\"https:\/\/sarajevogreendesign.com\/sgd2024\/speakers\/biographies\/haris-bradic\/\">Haris Bradi\u0107<br><\/a><\/p>\n<\/div>\n\n\n\n<div class=\"wp-block-column bioback is-layout-flow wp-block-column-is-layout-flow\" style=\"flex-basis:66.66%\">\n<p style=\"font-size:35px\">Nasiha Pozder<\/p>\n\n\n\n<figure class=\"wp-block-image size-full\"><img loading=\"lazy\" decoding=\"async\" width=\"1074\" height=\"882\" src=\"https:\/\/sarajevogreendesign.com\/sgd2024\/wp-content\/uploads\/2024\/10\/Nasiha-p.jpg\" alt=\"\" class=\"wp-image-2427\" srcset=\"https:\/\/sarajevogreendesign.com\/sgd2024\/wp-content\/uploads\/2024\/10\/Nasiha-p.jpg 1074w, https:\/\/sarajevogreendesign.com\/sgd2024\/wp-content\/uploads\/2024\/10\/Nasiha-p-300x246.jpg 300w, https:\/\/sarajevogreendesign.com\/sgd2024\/wp-content\/uploads\/2024\/10\/Nasiha-p-1024x841.jpg 1024w, https:\/\/sarajevogreendesign.com\/sgd2024\/wp-content\/uploads\/2024\/10\/Nasiha-p-768x631.jpg 768w\" sizes=\"(max-width: 1074px) 100vw, 1074px\" \/><\/figure>\n\n\n\n<p style=\"font-size:16px\"><br><strong>Federal Minister for the Environment and Turisam <\/strong><\/p>\n\n\n\n<p>Minister, Prof. Dr. Pozder developed her professional career through the Institute for Architecture, Urban Planning and Spatial Planning AFS, where she led the team in charge of projects in the field of urbanism, but also through cooperation with local communities and professional associations, and as a consultant for UNDP and the World Bank on the projects Recovery, Local Integrated Development, Climate-Ready Cities.<\/p>\n\n\n\n<p>In the 2018-2022 term, Minister Pozder was a member of the House of Representatives of the Parliament of the Federation of Bosnia and Herzegovina, and her political engagement is linked to her professional engagement. Since 2012 she has been participating in the work of the commissions for urban planning and spatial planning and protection of cultural, natural and historical heritage of the Federation of Bosnia and Herzegovina, as well as the Sarajevo Canton and the City of Sarajevo.<\/p>\n\n\n\n<p>Minister, Prof. Dr. Pozder also collaborated as a consultant and lecturer for the Friedrich Naumann, Heinrich B\u00f6ll, WFD and Boris Divkovi\u0107 Foundations on projects and seminars in the field of spatial policy, environmental protection and smart city solutions.<\/p>\n\n\n\n<p><\/p>\n<\/div>\n\n\n\n<div class=\"wp-block-column bioback is-layout-flow wp-block-column-is-layout-flow\" style=\"flex-basis:66.66%\">\n<div style=\"height:69px\" aria-hidden=\"true\" class=\"wp-block-spacer\"><\/div>\n\n\n\n<p style=\"font-size:14px\"><strong>Opening adress:<\/strong><br><strong>18:00 h<\/strong><br><strong>16 October 2024<\/strong><\/p>\n\n\n\n<div style=\"height:212px\" aria-hidden=\"true\" class=\"wp-block-spacer\"><\/div>\n\n\n\n<figure class=\"wp-block-image size-full is-resized\"><img loading=\"lazy\" decoding=\"async\" width=\"428\" height=\"425\" src=\"https:\/\/sarajevogreendesign.com\/sgd2024\/wp-content\/uploads\/2024\/10\/Nasiha-p-pic-1.png\" alt=\"\" class=\"wp-image-2546\" style=\"width:305px;height:auto\" srcset=\"https:\/\/sarajevogreendesign.com\/sgd2024\/wp-content\/uploads\/2024\/10\/Nasiha-p-pic-1.png 428w, https:\/\/sarajevogreendesign.com\/sgd2024\/wp-content\/uploads\/2024\/10\/Nasiha-p-pic-1-300x298.png 300w, https:\/\/sarajevogreendesign.com\/sgd2024\/wp-content\/uploads\/2024\/10\/Nasiha-p-pic-1-150x150.png 150w\" sizes=\"(max-width: 428px) 100vw, 428px\" \/><\/figure>\n<\/div>\n<\/div>\n","protected":false},"excerpt":{"rendered":"<p>Elma DurmisevicMario KordicNasiha PozderThorsten N\u00f6lleRon JacobsDubravko Ba\u010di\u0107Admir KulinDuncan Baker-BrownRoberta ZarconeSelma HarringtonIgor KuvacTijana Tufek MemisevicJoost DeclerqSenada DemirovicSanela KlaricGil PeledGilli HobsbHaris Bradi\u0107 Nasiha Pozder Federal Minister for the Environment and Turisam Minister, Prof. Dr. Pozder developed her professional career through the Institute for Architecture, Urban Planning and Spatial Planning AFS, where she led the team in charge &#8230; <a class=\"read-more\" href=\"https:\/\/sarajevogreendesign.com\/sgd2024\/speakers\/biographies\/nasiha-pozder\/\">Read more<\/a><\/p>\n","protected":false},"author":1,"featured_media":0,"parent":101,"menu_order":0,"comment_status":"closed","ping_status":"closed","template":"","meta":{"footnotes":""},"class_list":["post-2425","page","type-page","status-publish","hentry"],"_links":{"self":[{"href":"https:\/\/sarajevogreendesign.com\/sgd2024\/wp-json\/wp\/v2\/pages\/2425"}],"collection":[{"href":"https:\/\/sarajevogreendesign.com\/sgd2024\/wp-json\/wp\/v2\/pages"}],"about":[{"href":"https:\/\/sarajevogreendesign.com\/sgd2024\/wp-json\/wp\/v2\/types\/page"}],"author":[{"embeddable":true,"href":"https:\/\/sarajevogreendesign.com\/sgd2024\/wp-json\/wp\/v2\/users\/1"}],"replies":[{"embeddable":true,"href":"https:\/\/sarajevogreendesign.com\/sgd2024\/wp-json\/wp\/v2\/comments?post=2425"}],"version-history":[{"count":7,"href":"https:\/\/sarajevogreendesign.com\/sgd2024\/wp-json\/wp\/v2\/pages\/2425\/revisions"}],"predecessor-version":[{"id":2657,"href":"https:\/\/sarajevogreendesign.com\/sgd2024\/wp-json\/wp\/v2\/pages\/2425\/revisions\/2657"}],"up":[{"embeddable":true,"href":"https:\/\/sarajevogreendesign.com\/sgd2024\/wp-json\/wp\/v2\/pages\/101"}],"wp:attachment":[{"href":"https:\/\/sarajevogreendesign.com\/sgd2024\/wp-json\/wp\/v2\/media?parent=2425"}],"curies":[{"name":"wp","href":"https:\/\/api.w.org\/{rel}","templated":true}]}}