{"id":2450,"date":"2024-10-03T22:42:08","date_gmt":"2024-10-03T21:42:08","guid":{"rendered":"https:\/\/sarajevogreendesign.com\/sgd2024\/?page_id=2450"},"modified":"2024-10-14T09:55:57","modified_gmt":"2024-10-14T08:55:57","slug":"dubrvko-bacic","status":"publish","type":"page","link":"https:\/\/sarajevogreendesign.com\/sgd2024\/speakers\/biographies\/dubrvko-bacic\/","title":{"rendered":"Dubravko Ba\u010di\u0107"},"content":{"rendered":"\n<div class=\"wp-block-columns is-layout-flex wp-container-core-columns-is-layout-1 wp-block-columns-is-layout-flex\">\n<div class=\"wp-block-column bioback is-layout-flow wp-block-column-is-layout-flow\" style=\"flex-basis:33.33%\">\n<p class=\"has-small-font-size\"><a href=\"https:\/\/sarajevogreendesign.com\/sgd2024\/speakers\/biographies\/elma-durmisevic\/\" data-type=\"page\" data-id=\"223\"><\/a><a href=\"https:\/\/sarajevogreendesign.com\/sgd2024\/speakers\/biographies\/elma-durmisevic\/\">Elma Durmisevic<\/a><br><a href=\"https:\/\/sarajevogreendesign.com\/sgd2024\/speakers\/biographies\/mario-kordic\/\">Mario Kordic<br><\/a><a href=\"https:\/\/sarajevogreendesign.com\/sgd2024\/speakers\/biographies\/nasiha-pozder\/\">Nasiha Pozder<br><\/a><a href=\"https:\/\/sarajevogreendesign.com\/sgd2024\/speakers\/biographies\/thorsten-nolle\/\">Thorsten N\u00f6lle<br><\/a><a href=\"https:\/\/sarajevogreendesign.com\/sgd2024\/speakers\/biographies\/ron-jacobs\/\">Ron Jacobs<br><\/a><a href=\"https:\/\/sarajevogreendesign.com\/sgd2024\/speakers\/biographies\/dubrvko-bacic\/\">Dubravko Ba\u010di\u0107<br><\/a><a href=\"https:\/\/sarajevogreendesign.com\/sgd2024\/speakers\/biographies\/admir-kulin\/\">Admir Kulin<br><\/a><a href=\"https:\/\/sarajevogreendesign.com\/sgd2024\/speakers\/biographies\/duncan-baker-brown\/\">Duncan Baker-Brown<br><\/a><a href=\"https:\/\/sarajevogreendesign.com\/sgd2024\/speakers\/biographies\/roberta-zarcone\/\">Roberta Zarcone<br><\/a><a href=\"https:\/\/sarajevogreendesign.com\/sgd2024\/speakers\/biographies\/selma-harrington\/\">Selma Harrington<br><\/a><a href=\"https:\/\/sarajevogreendesign.com\/sgd2024\/speakers\/biographies\/igor-kuvac\/\">Igor Kuvac<br><\/a><a href=\"https:\/\/sarajevogreendesign.com\/sgd2024\/speakers\/biographies\/tijana-tufek-memisevic\/\">Tijana Tufek Memisevic<br><\/a><a href=\"https:\/\/sarajevogreendesign.com\/sgd2024\/speakers\/biographies\/joost-declerq\/\">Joost Declerq<br><\/a><a href=\"https:\/\/sarajevogreendesign.com\/sgd2024\/speakers\/biographies\/senada-demirovic\/\">Senada Demirovic<br><\/a><a href=\"https:\/\/sarajevogreendesign.com\/sgd2024\/speakers\/biographies\/sanela-klaric\/\">Sanela Klaric<br><\/a><a href=\"https:\/\/sarajevogreendesign.com\/sgd2024\/speakers\/biographies\/gil-peled\/\">Gil Peled<br><\/a><a href=\"https:\/\/sarajevogreendesign.com\/sgd2024\/speakers\/biographies\/gilli-hobbs\/\">Gilli Hobsb<br><\/a><a href=\"https:\/\/sarajevogreendesign.com\/sgd2024\/speakers\/biographies\/haris-bradic\/\">Haris Bradi\u0107<br><\/a><\/p>\n<\/div>\n\n\n\n<div class=\"wp-block-column bioback is-layout-flow wp-block-column-is-layout-flow\" style=\"flex-basis:66.66%\">\n<p style=\"font-size:35px\">Dubravko Ba\u010di\u0107<\/p>\n\n\n\n<figure class=\"wp-block-image size-full is-resized\"><img loading=\"lazy\" decoding=\"async\" width=\"343\" height=\"353\" src=\"https:\/\/sarajevogreendesign.com\/sgd2024\/wp-content\/uploads\/2024\/10\/Dubravko.png\" alt=\"\" class=\"wp-image-2639\" style=\"width:306px;height:auto\" srcset=\"https:\/\/sarajevogreendesign.com\/sgd2024\/wp-content\/uploads\/2024\/10\/Dubravko.png 343w, https:\/\/sarajevogreendesign.com\/sgd2024\/wp-content\/uploads\/2024\/10\/Dubravko-292x300.png 292w\" sizes=\"(max-width: 343px) 100vw, 343px\" \/><\/figure>\n\n\n\n<p style=\"font-size:16px\"><br><strong>Dubravko Ba\u010di\u0107<\/strong> Executive board member  Architects\u2019 Council of Europe (ACE), Architect<\/p>\n\n\n\n<p>Dubravko Ba\u010di\u0107 is an Assistant Professor at the University of Zagreb Faculty of Architecture where he teaches undergraduate, graduate and postgraduate courses in project management, building technology and conservation of built heritage. He is a registered architect, practicing as a single practitioner, and also accredited for conservation work on built heritage. His professional practice entails mostly small-scale housing, conservation and preservation of architectural heritage, adaptive re-use and heritage consultancy. He was the responsible author of the first fully conducted Heritage Impact Assessment (HIA) for a WH property in Croatia (Dubrovnik, WHL 95ter), positively evaluated by the UNESCO WHC and ICOMOS Intl.<\/p>\n<p>He has published essays and articles in Croatian architectural magazines and scholarly journals, and has participated in several EU funded international research projects (Social Platform for Holistic Heritage Impact Assessment (SoPHIA); Confronting Wicked Problems: Adopting Architectural Education to the New Situation in Europe; Bauhaus \u2013 Networking Ideas and Practice (BAUNET). His research interests are closely interrelated with his academic and professional activities, and he regularly presents his research and professional work at the national and international conferences.\n<p>Dubravko is currently on the Executive Board of the Architects&#8217; Council of Europe (ACE, Brussels), and has also previously been a member of the ICOMOS Croatia Executive Board. Recently, he has been appointed to the Workgroup for developing the 2030 architectural policies of the Republic of Croatia (Ministry of Physical Planning, Construction and State Assets), and has also served as a Croatian representative to the EU Member State OMC expert group on \u201cHigh-quality architecture and built environment for everyone\u201d (Culture 2019-2022).<\/p>\nDubravko Bacic graduated in Architecture and Urban Planning from the University of Zagreb Faculty of Architecture (Dipl.-Ing.), holds a postgraduate Master in Design Studies degree in history and theory of architecture from Harvard University Graduate School of Design, and a PhD degree in Architecture from the University of Zagreb.<\/p>\n<\/div>\n\n\n\n<div class=\"wp-block-column bioback is-layout-flow wp-block-column-is-layout-flow\" style=\"flex-basis:66.66%\">\n<div style=\"height:75px\" aria-hidden=\"true\" class=\"wp-block-spacer\"><\/div>\n\n\n\n<p style=\"font-size:14px\"><strong>Opening address:<\/strong><br><strong>18:00 h<\/strong><br><strong>16 October 2024<\/strong><\/p>\n\n\n\n<div style=\"height:52px\" aria-hidden=\"true\" class=\"wp-block-spacer\"><\/div>\n\n\n\n<p style=\"font-size:14px\"><strong>ACE and circular architecture<\/strong><\/p>\n\n\n\n<figure class=\"wp-block-image size-full\"><img loading=\"lazy\" decoding=\"async\" width=\"370\" height=\"519\" src=\"https:\/\/sarajevogreendesign.com\/sgd2024\/wp-content\/uploads\/2024\/10\/Dubravko-pic-1-1.png\" alt=\"\" class=\"wp-image-2645\" srcset=\"https:\/\/sarajevogreendesign.com\/sgd2024\/wp-content\/uploads\/2024\/10\/Dubravko-pic-1-1.png 370w, https:\/\/sarajevogreendesign.com\/sgd2024\/wp-content\/uploads\/2024\/10\/Dubravko-pic-1-1-214x300.png 214w\" sizes=\"(max-width: 370px) 100vw, 370px\" \/><\/figure>\n<\/div>\n<\/div>\n","protected":false},"excerpt":{"rendered":"<p>Elma DurmisevicMario KordicNasiha PozderThorsten N\u00f6lleRon JacobsDubravko Ba\u010di\u0107Admir KulinDuncan Baker-BrownRoberta ZarconeSelma HarringtonIgor KuvacTijana Tufek MemisevicJoost DeclerqSenada DemirovicSanela KlaricGil PeledGilli HobsbHaris Bradi\u0107 Dubravko Ba\u010di\u0107 Dubravko Ba\u010di\u0107 Executive board member Architects\u2019 Council of Europe (ACE), Architect Dubravko Ba\u010di\u0107 is an Assistant Professor at the University of Zagreb Faculty of Architecture where he teaches undergraduate, graduate and postgraduate courses &#8230; <a class=\"read-more\" href=\"https:\/\/sarajevogreendesign.com\/sgd2024\/speakers\/biographies\/dubrvko-bacic\/\">Read more<\/a><\/p>\n","protected":false},"author":1,"featured_media":0,"parent":101,"menu_order":0,"comment_status":"closed","ping_status":"closed","template":"","meta":{"footnotes":""},"class_list":["post-2450","page","type-page","status-publish","hentry"],"_links":{"self":[{"href":"https:\/\/sarajevogreendesign.com\/sgd2024\/wp-json\/wp\/v2\/pages\/2450"}],"collection":[{"href":"https:\/\/sarajevogreendesign.com\/sgd2024\/wp-json\/wp\/v2\/pages"}],"about":[{"href":"https:\/\/sarajevogreendesign.com\/sgd2024\/wp-json\/wp\/v2\/types\/page"}],"author":[{"embeddable":true,"href":"https:\/\/sarajevogreendesign.com\/sgd2024\/wp-json\/wp\/v2\/users\/1"}],"replies":[{"embeddable":true,"href":"https:\/\/sarajevogreendesign.com\/sgd2024\/wp-json\/wp\/v2\/comments?post=2450"}],"version-history":[{"count":13,"href":"https:\/\/sarajevogreendesign.com\/sgd2024\/wp-json\/wp\/v2\/pages\/2450\/revisions"}],"predecessor-version":[{"id":2646,"href":"https:\/\/sarajevogreendesign.com\/sgd2024\/wp-json\/wp\/v2\/pages\/2450\/revisions\/2646"}],"up":[{"embeddable":true,"href":"https:\/\/sarajevogreendesign.com\/sgd2024\/wp-json\/wp\/v2\/pages\/101"}],"wp:attachment":[{"href":"https:\/\/sarajevogreendesign.com\/sgd2024\/wp-json\/wp\/v2\/media?parent=2450"}],"curies":[{"name":"wp","href":"https:\/\/api.w.org\/{rel}","templated":true}]}}